{"id":34,"date":"2024-12-29T12:44:52","date_gmt":"2024-12-29T12:44:52","guid":{"rendered":"https:\/\/aop.dk\/?page_id=34"},"modified":"2024-12-29T12:44:54","modified_gmt":"2024-12-29T12:44:54","slug":"about","status":"publish","type":"page","link":"https:\/\/aop.dk\/?page_id=34","title":{"rendered":"About"},"content":{"rendered":"\n<div class=\"wp-block-uagb-container uagb-block-65a8e191 alignfull uagb-is-root-container\"><div class=\"uagb-container-inner-blocks-wrap\">\n<div class=\"wp-block-uagb-info-box uagb-block-e42f1764 uagb-infobox__content-wrap  uagb-infobox-icon-above-title uagb-infobox-image-valign-top\"><div class=\"uagb-ifb-content\"><div class=\"uagb-ifb-title-wrap\"><h1 class=\"uagb-ifb-title-prefix\">Forbedring af arbejdsgl\u00e6de i Danmark<\/h1><p class=\"uagb-ifb-title\">Vi skaber et bedre arbejdsmilj\u00f8 gennem udvikling og trivsel. Din partner i medarbejderengagement.<\/p><\/div><\/div><\/div>\n<\/div><\/div>\n\n\n\n<div class=\"wp-block-uagb-container uagb-block-1f113e62 alignfull uagb-is-root-container\"><div class=\"uagb-container-inner-blocks-wrap\">\n<div class=\"wp-block-uagb-container uagb-block-c7fbc965\">\n<div class=\"wp-block-uagb-image alignleft uagb-block-a91340b0 wp-block-uagb-image--layout-default wp-block-uagb-image--effect-static wp-block-uagb-image--align-left\"><figure class=\"wp-block-uagb-image__figure\"><img decoding=\"async\" srcset=\"https:\/\/aop.dk\/wp-content\/uploads\/2024\/12\/pexels-photo-3201696.jpeg ,https:\/\/aop.dk\/wp-content\/uploads\/2024\/12\/pexels-photo-3201696.jpeg 780w, https:\/\/aop.dk\/wp-content\/uploads\/2024\/12\/pexels-photo-3201696.jpeg 360w\" sizes=\"auto, (max-width: 480px) 150px\" src=\"https:\/\/aop.dk\/wp-content\/uploads\/2024\/12\/pexels-photo-3201696.jpeg\" alt=\"\" class=\"uag-image-11\" width=\"420\" height=\"450\" title=\"\" loading=\"lazy\" role=\"img\"\/><\/figure><\/div>\n<\/div>\n\n\n\n<div class=\"wp-block-uagb-container uagb-block-7efbd0d8\">\n<div class=\"wp-block-uagb-info-box uagb-block-1da524b8 uagb-infobox__content-wrap  uagb-infobox-icon-above-title uagb-infobox-image-valign-top\"><div class=\"uagb-ifb-content\"><div class=\"uagb-ifb-title-wrap\"><span class=\"uagb-ifb-title-prefix\">Min rejse<\/span><h2 class=\"uagb-ifb-title\">Fra passion til profession i medarbejderudvikling<\/h2><\/div><p class=\"uagb-ifb-desc\">Vores mission er at fremme arbejdsgl\u00e6de og trivsel p\u00e5 arbejdspladser ved at tilbyde innovative l\u00f8sninger, der styrker medarbejdernes engagement og udvikling. Vi str\u00e6ber efter at skabe en positiv arbejdskultur, hvor medarbejdere trives og yder deres bedste. Vi arbejder t\u00e6t sammen med virksomheder for at forst\u00e5 deres unikke udfordringer og finde skr\u00e6ddersyede l\u00f8sninger.<\/p><\/div><\/div>\n\n\n\n<div class=\"wp-block-uagb-advanced-heading uagb-block-8d4b7a60 uag-hide-tab uag-hide-mob\"><p class=\"uagb-desc-text\">Vi har en vision om at blive den f\u00f8rende konsulentvirksomhed inden for arbejdsmilj\u00f8 og personaleudvikling i Danmark. Gennem vores dedikation til kvalitet og resultater \u00f8nsker vi at s\u00e6tte standarden for, hvordan arbejdspladser kan forbedre trivsel og engagement. Vores ambition er at inspirere organisationer til at prioritere medarbejdernes velv\u00e6re som en central del af deres forretningsstrategi. Vi dr\u00f8mmer om et arbejdsmarked, hvor arbejdsgl\u00e6de og produktivitet g\u00e5r h\u00e5nd i h\u00e5nd.<\/p><\/div>\n\n\n\n<div class=\"wp-block-uagb-advanced-heading uagb-block-86594438 uag-hide-tab uag-hide-mob\"><p class=\"uagb-desc-text\">AOP har modtaget anerkendelse for vores innovative tilgang og effektive l\u00f8sninger inden for personaleudvikling. Vores arbejde er blevet rost af b\u00e5de kunder og brancheorganisationer, hvilket bekr\u00e6fter vores engagement i at skabe positive forandringer. Vi er stolte af at have opn\u00e5et flere priser, der anerkender vores bidrag til arbejdsgl\u00e6de og medarbejderudvikling.<\/p><\/div>\n<\/div>\n<\/div><\/div>\n\n\n\n<div class=\"wp-block-uagb-container uagb-block-bce67eba alignfull uagb-is-root-container\"><div class=\"uagb-container-inner-blocks-wrap\">\n<div class=\"wp-block-uagb-container uagb-block-dd6cea9c\">\n<div class=\"wp-block-uagb-info-box uagb-block-0a0395e9 uagb-infobox__content-wrap  uagb-infobox-icon-above-title uagb-infobox-image-valign-top\"><div class=\"uagb-ifb-content\"><div class=\"uagb-ifb-title-wrap\"><h3 class=\"uagb-ifb-title-prefix\">Arbejdsgl\u00e6de er n\u00f8glen til succes, og jeg er her for at \u00e5bne d\u00f8rene.<\/h3><p class=\"uagb-ifb-title\">Mette Johansen<\/p><\/div><\/div><\/div>\n<\/div>\n\n\n\n<div class=\"wp-block-uagb-container uagb-block-9e85a772\">      \n\t\t\t<div class=\"uagb-icon-wrapper uagb-block-40e8186c  wp-block-uagb-icon--has-margin\"\t>\n\t\t\t\t\t\t\t\t<div class='uagb-icon-margin-wrapper'>\n\t\t\t\t\t\t\t\t\t<span class=\"uagb-svg-wrapper\" \n\t\t\t\t\t aria-label=\"quote-right\"\t\t\t\t\ttabindex=\"0\">\t\t\n\t\t\t\t\t\t\t\t\t\t<svg xmlns=\"https:\/\/www.w3.org\/2000\/svg\" viewBox= \"0 0 448 512\" role=\"graphics-symbol\" aria-hidden=\"false\" aria-label=\"\"><path d=\"M96 96C42.98 96 0 138.1 0 192s42.98 96 96 96c11.28 0 21.95-2.305 32-5.879V288c0 35.3-28.7 64-64 64c-17.67 0-32 14.33-32 32s14.33 32 32 32c70.58 0 128-57.42 128-128V192C192 138.1 149 96 96 96zM448 192c0-53.02-42.98-96-96-96s-96 42.98-96 96s42.98 96 96 96c11.28 0 21.95-2.305 32-5.879V288c0 35.3-28.7 64-64 64c-17.67 0-32 14.33-32 32s14.33 32 32 32c70.58 0 128-57.42 128-128V192z\"><\/path><\/svg>\n\t\t\t\t\t\t\t\t\t<\/span>\n\t\t\t\t\t\t\t\t<\/div>\n\t\t\t\t\t\t\t<\/div>\n\t\t\t<\/div>\n<\/div><\/div>\n\n\n\n<div class=\"wp-block-uagb-container uagb-block-ed6a7a4e alignfull uagb-is-root-container\"><div class=\"uagb-container-inner-blocks-wrap\">\n<div class=\"wp-block-uagb-container uagb-block-1ecaf3d6\">\n<div class=\"wp-block-uagb-advanced-heading uagb-block-94a6fd41\"><div class=\"uagb-heading-text\">Jeg tror p\u00e5, at alle kan trives i deres arbejde, n\u00e5r rammerne er rigtige.<\/div><\/div>\n<\/div>\n\n\n\n<div class=\"wp-block-uagb-container uagb-block-63d6fc23\">\n<div class=\"wp-block-uagb-info-box uagb-block-5498914e uagb-infobox__content-wrap  uagb-infobox-icon-above-title uagb-infobox-image-valign-top\"><div class=\"uagb-ifb-content\"><div class=\"uagb-ifb-title-wrap\"><span class=\"uagb-ifb-title-prefix\">Trivsel f\u00f8rst<\/span><h3 class=\"uagb-ifb-title\">Vores filosofi: Sammen skaber vi en trivsel, der varer ved<\/h3><\/div><\/div><\/div>\n\n\n\n<div class=\"wp-block-uagb-container uagb-block-cd37ab70\">\n<div class=\"wp-block-uagb-container uagb-block-3a032b26\">\n<div class=\"wp-block-uagb-advanced-heading uagb-block-14020d87\"><p class=\"uagb-desc-text\">Vi mener, at en positiv arbejdsplads starter med engagerede medarbejdere. Vores tilgang fokuserer p\u00e5 individets behov og potentiale.<\/p><\/div>\n\n\n\n<div class=\"wp-block-uagb-advanced-heading uagb-block-0d9c1e7f uag-hide-tab uag-hide-mob\"><p class=\"uagb-desc-text\">Ved at optimere arbejdsmilj\u00f8 og samarbejde skaber vi v\u00e6rdi for b\u00e5de medarbejdere og virksomheden. Vores metoder er evidensbaserede og tilpassede den enkelte organisation.<\/p><\/div>\n<\/div>\n\n\n\n<div class=\"wp-block-uagb-container uagb-block-2ae43c58\">\n<div class=\"wp-block-uagb-image alignright uagb-block-7c1a1e64 wp-block-uagb-image--layout-default wp-block-uagb-image--effect-static wp-block-uagb-image--align-right\"><figure class=\"wp-block-uagb-image__figure\"><img decoding=\"async\" srcset=\"https:\/\/aop.dk\/wp-content\/uploads\/2024\/12\/pexels-photo-8636598.jpeg ,https:\/\/aop.dk\/wp-content\/uploads\/2024\/12\/pexels-photo-8636598.jpeg 780w, https:\/\/aop.dk\/wp-content\/uploads\/2024\/12\/pexels-photo-8636598.jpeg 360w\" sizes=\"auto, (max-width: 480px) 150px\" src=\"https:\/\/aop.dk\/wp-content\/uploads\/2024\/12\/pexels-photo-8636598.jpeg\" alt=\"\" class=\"uag-image-5\" width=\"300\" height=\"230\" title=\"\" loading=\"lazy\" role=\"img\"\/><\/figure><\/div>\n<\/div>\n<\/div>\n<\/div>\n<\/div><\/div>\n\n\n\n<div id=\"subscribe\" class=\"wp-block-uagb-container uagb-block-26c453a4 alignfull uagb-is-root-container\"><div class=\"uagb-container-inner-blocks-wrap\">\n<div class=\"wp-block-uagb-container uagb-block-0f3221ef\">\n<div class=\"wp-block-uagb-advanced-heading uagb-block-0cd55abe\"><div class=\"uagb-heading-text\">Forbliv Forbundet med Os<\/div><div class=\"uagb-separator\"><\/div><\/div>\n<\/div>\n\n\n\n<div class=\"wp-block-uagb-container uagb-block-010e42ae\">\n<div class=\"wp-block-uagb-info-box uagb-block-c6dbcb17 uagb-infobox__content-wrap  uagb-infobox-icon-above-title uagb-infobox-image-valign-top\"><div class=\"uagb-ifb-content\"><div class=\"uagb-ifb-title-wrap\"><h3 class=\"uagb-ifb-title-prefix\">Tilmeld dig for at modtage de seneste opdateringer og ressourcer<\/h3><h4 class=\"uagb-ifb-title\">Bliv en del af vores f\u00e6llesskab ved at tilmelde dig vores nyhedsbrev i dag!<\/h4><\/div><\/div><\/div>\n\n\n\n<div class=\"wp-block-uagb-forms uagb-forms__outer-wrap uagb-block-6ab74b5e uagb-forms__default-btn\"><form class=\"uagb-forms-main-form\" method=\"post\" autocomplete=\"on\" name=\"uagb-form-6ab74b5e\">\n<div class=\"wp-block-uagb-forms-email uagb-forms-email-wrap uagb-forms-field-set uagb-block-1e679f4f\"><div class=\"uagb-forms-email-label required uagb-forms-input-label\" id=\"1e679f4f\">Email<\/div><input type=\"email\" class=\"uagb-forms-email-input uagb-forms-input\" placeholder=\"Din e-mailadresse\" required name=\"1e679f4f\" autocomplete=\"email\"\/><\/div>\n<div class=\"uagb-forms-form-hidden-data\"><input type=\"hidden\" class=\"uagb_forms_form_label\" value=\"Spectra Form\"\/><input type=\"hidden\" class=\"uagb_forms_form_id\" value=\"uagb-form-6ab74b5e\"\/><\/div><div class=\"uagb-form-reacaptcha-error-6ab74b5e\"><\/div><div class=\"uagb-forms-main-submit-button-wrap wp-block-button\"><button class=\"uagb-forms-main-submit-button wp-block-button__link\"><div class=\"uagb-forms-main-submit-button-text\">Tilmeld Nyhedsbrev<\/div><\/button><\/div><\/form><div class=\"uagb-forms-success-message-6ab74b5e uagb-forms-submit-message-hide\"><span>The form has been submitted successfully!<\/span><\/div><div class=\"uagb-forms-failed-message-6ab74b5e uagb-forms-submit-message-hide\"><span>There has been some error while submitting the form. Please verify all form fields again.<\/span><\/div><\/div>\n<\/div>\n<\/div><\/div>\n","protected":false},"excerpt":{"rendered":"<p>Vi har en vision om at blive den f\u00f8rende konsulentvirksomhed inden for arbejdsmilj\u00f8 og personaleudvikling i Danmark. Gennem vores dedikation til kvalitet og resultater \u00f8nsker vi at s\u00e6tte standarden for, hvordan arbejdspladser kan forbedre trivsel og engagement. Vores ambition er at inspirere organisationer til at prioritere medarbejdernes velv\u00e6re som en central del af deres forretningsstrategi. [&hellip;]<\/p>\n","protected":false},"author":1,"featured_media":0,"parent":0,"menu_order":0,"comment_status":"closed","ping_status":"closed","template":"","meta":{"_uag_custom_page_level_css":"","site-sidebar-layout":"no-sidebar","site-content-layout":"","ast-site-content-layout":"normal-width-container","site-content-style":"default","site-sidebar-style":"default","ast-global-header-display":"","ast-banner-title-visibility":"","ast-main-header-display":"","ast-hfb-above-header-display":"","ast-hfb-below-header-display":"","ast-hfb-mobile-header-display":"","site-post-title":"disabled","ast-breadcrumbs-content":"","ast-featured-img":"","footer-sml-layout":"","theme-transparent-header-meta":"enabled","adv-header-id-meta":"","stick-header-meta":"","header-above-stick-meta":"","header-main-stick-meta":"","header-below-stick-meta":"","astra-migrate-meta-layouts":"default","ast-page-background-enabled":"default","ast-page-background-meta":{"desktop":{"background-color":"var(--ast-global-color-4)","background-image":"","background-repeat":"repeat","background-position":"center center","background-size":"auto","background-attachment":"scroll","background-type":"","background-media":"","overlay-type":"","overlay-color":"","overlay-opacity":"","overlay-gradient":""},"tablet":{"background-color":"","background-image":"","background-repeat":"repeat","background-position":"center center","background-size":"auto","background-attachment":"scroll","background-type":"","background-media":"","overlay-type":"","overlay-color":"","overlay-opacity":"","overlay-gradient":""},"mobile":{"background-color":"","background-image":"","background-repeat":"repeat","background-position":"center center","background-size":"auto","background-attachment":"scroll","background-type":"","background-media":"","overlay-type":"","overlay-color":"","overlay-opacity":"","overlay-gradient":""}},"ast-content-background-meta":{"desktop":{"background-color":"var(--ast-global-color-5)","background-image":"","background-repeat":"repeat","background-position":"center center","background-size":"auto","background-attachment":"scroll","background-type":"","background-media":"","overlay-type":"","overlay-color":"","overlay-opacity":"","overlay-gradient":""},"tablet":{"background-color":"var(--ast-global-color-5)","background-image":"","background-repeat":"repeat","background-position":"center center","background-size":"auto","background-attachment":"scroll","background-type":"","background-media":"","overlay-type":"","overlay-color":"","overlay-opacity":"","overlay-gradient":""},"mobile":{"background-color":"var(--ast-global-color-5)","background-image":"","background-repeat":"repeat","background-position":"center center","background-size":"auto","background-attachment":"scroll","background-type":"","background-media":"","overlay-type":"","overlay-color":"","overlay-opacity":"","overlay-gradient":""}},"footnotes":""},"class_list":["post-34","page","type-page","status-publish","hentry"],"uagb_featured_image_src":{"full":false,"thumbnail":false,"medium":false,"medium_large":false,"large":false,"1536x1536":false,"2048x2048":false},"uagb_author_info":{"display_name":"admin","author_link":"https:\/\/aop.dk\/?author=1"},"uagb_comment_info":0,"uagb_excerpt":"Vi har en vision om at blive den f\u00f8rende konsulentvirksomhed inden for arbejdsmilj\u00f8 og personaleudvikling i Danmark. Gennem vores dedikation til kvalitet og resultater \u00f8nsker vi at s\u00e6tte standarden for, hvordan arbejdspladser kan forbedre trivsel og engagement. Vores ambition er at inspirere organisationer til at prioritere medarbejdernes velv\u00e6re som en central del af deres forretningsstrategi.&hellip;","_links":{"self":[{"href":"https:\/\/aop.dk\/index.php?rest_route=\/wp\/v2\/pages\/34","targetHints":{"allow":["GET"]}}],"collection":[{"href":"https:\/\/aop.dk\/index.php?rest_route=\/wp\/v2\/pages"}],"about":[{"href":"https:\/\/aop.dk\/index.php?rest_route=\/wp\/v2\/types\/page"}],"author":[{"embeddable":true,"href":"https:\/\/aop.dk\/index.php?rest_route=\/wp\/v2\/users\/1"}],"replies":[{"embeddable":true,"href":"https:\/\/aop.dk\/index.php?rest_route=%2Fwp%2Fv2%2Fcomments&post=34"}],"version-history":[{"count":2,"href":"https:\/\/aop.dk\/index.php?rest_route=\/wp\/v2\/pages\/34\/revisions"}],"predecessor-version":[{"id":359,"href":"https:\/\/aop.dk\/index.php?rest_route=\/wp\/v2\/pages\/34\/revisions\/359"}],"wp:attachment":[{"href":"https:\/\/aop.dk\/index.php?rest_route=%2Fwp%2Fv2%2Fmedia&parent=34"}],"curies":[{"name":"wp","href":"https:\/\/api.w.org\/{rel}","templated":true}]}}